{"id":12,"date":"2024-03-17T16:40:43","date_gmt":"2024-03-17T15:40:43","guid":{"rendered":"https:\/\/tigerenergyproject.com\/?page_id=12"},"modified":"2025-07-24T18:28:10","modified_gmt":"2025-07-24T16:28:10","slug":"impressum","status":"publish","type":"page","link":"https:\/\/tigerenergyproject.com\/en\/impressum\/","title":{"rendered":"imprint"},"content":{"rendered":"<div data-elementor-type=\"wp-page\" data-elementor-id=\"12\" class=\"elementor elementor-12\" data-elementor-post-type=\"page\">\n\t\t\t\t<div class=\"elementor-element elementor-element-335d0ee e-flex e-con-boxed e-con e-parent\" data-id=\"335d0ee\" data-element_type=\"container\" data-settings=\"{&quot;background_background&quot;:&quot;classic&quot;}\">\n\t\t\t\t\t<div class=\"e-con-inner\">\n\t\t\t\t<div class=\"elementor-element elementor-element-00b09c0 elementor-invisible elementor-widget elementor-widget-heading\" data-id=\"00b09c0\" data-element_type=\"widget\" data-settings=\"{&quot;_animation&quot;:&quot;fadeInUp&quot;}\" data-widget_type=\"heading.default\">\n\t\t\t\t<div class=\"elementor-widget-container\">\n\t\t\t\t\t<h2 class=\"elementor-heading-title elementor-size-default\">imprint<\/h2>\t\t\t\t<\/div>\n\t\t\t\t<\/div>\n\t\t\t\t<div class=\"elementor-element elementor-element-5c4e6ad elementor-icon-list--layout-inline elementor-align-center elementor-hidden-mobile elementor-list-item-link-full_width elementor-invisible elementor-widget elementor-widget-icon-list\" data-id=\"5c4e6ad\" data-element_type=\"widget\" data-settings=\"{&quot;_animation&quot;:&quot;fadeInUp&quot;,&quot;_animation_delay&quot;:200}\" data-widget_type=\"icon-list.default\">\n\t\t\t\t<div class=\"elementor-widget-container\">\n\t\t\t\t\t\t\t<ul class=\"elementor-icon-list-items elementor-inline-items\">\n\t\t\t\t\t\t\t<li class=\"elementor-icon-list-item elementor-inline-item\">\n\t\t\t\t\t\t\t\t\t\t\t<a href=\"https:\/\/tigerenergyproject.com\/en\/\">\n\n\t\t\t\t\t\t\t\t\t\t\t<span class=\"elementor-icon-list-text\">Home<\/span>\n\t\t\t\t\t\t\t\t\t\t\t<\/a>\n\t\t\t\t\t\t\t\t\t<\/li>\n\t\t\t\t\t\t\t\t<li class=\"elementor-icon-list-item elementor-inline-item\">\n\t\t\t\t\t\t\t\t\t\t\t<a href=\"https:\/\/tigerenergyproject.com\/en\/impressum\/\">\n\n\t\t\t\t\t\t\t\t\t\t\t\t<span class=\"elementor-icon-list-icon\">\n\t\t\t\t\t\t\t<svg aria-hidden=\"true\" class=\"e-font-icon-svg e-fas-long-arrow-alt-right\" viewbox=\"0 0 448 512\" xmlns=\"http:\/\/www.w3.org\/2000\/svg\"><path d=\"M313.941 216H12c-6.627 0-12 5.373-12 12v56c0 6.627 5.373 12 12 12h301.941v46.059c0 21.382 25.851 32.09 40.971 16.971l86.059-86.059c9.373-9.373 9.373-24.569 0-33.941l-86.059-86.059c-15.119-15.119-40.971-4.411-40.971 16.971V216z\"><\/path><\/svg>\t\t\t\t\t\t<\/span>\n\t\t\t\t\t\t\t\t\t\t<span class=\"elementor-icon-list-text\">imprint<\/span>\n\t\t\t\t\t\t\t\t\t\t\t<\/a>\n\t\t\t\t\t\t\t\t\t<\/li>\n\t\t\t\t\t\t<\/ul>\n\t\t\t\t\t\t<\/div>\n\t\t\t\t<\/div>\n\t\t<div class=\"elementor-element elementor-element-0216a2b e-con-full elementor-hidden-mobile e-flex elementor-invisible e-con e-child\" data-id=\"0216a2b\" data-element_type=\"container\" data-settings=\"{&quot;background_background&quot;:&quot;classic&quot;,&quot;animation&quot;:&quot;fadeInUp&quot;,&quot;animation_delay&quot;:400}\">\n\t\t\t\t<div class=\"elementor-element elementor-element-fe70bb4 elementor-widget-divider--view-line elementor-widget elementor-widget-divider\" data-id=\"fe70bb4\" data-element_type=\"widget\" data-widget_type=\"divider.default\">\n\t\t\t\t<div class=\"elementor-widget-container\">\n\t\t\t\t\t\t\t<div class=\"elementor-divider\">\n\t\t\t<span class=\"elementor-divider-separator\">\n\t\t\t\t\t\t<\/span>\n\t\t<\/div>\n\t\t\t\t\t\t<\/div>\n\t\t\t\t<\/div>\n\t\t\t\t<\/div>\n\t\t\t\t\t<\/div>\n\t\t\t\t<\/div>\n\t\t<div class=\"elementor-element elementor-element-edd00b8 e-flex e-con-boxed e-con e-parent\" data-id=\"edd00b8\" data-element_type=\"container\">\n\t\t\t\t\t<div class=\"e-con-inner\">\n\t\t\t\t<div class=\"elementor-element elementor-element-f0aacb4 elementor-invisible elementor-widget elementor-widget-text-editor\" data-id=\"f0aacb4\" data-element_type=\"widget\" data-settings=\"{&quot;_animation&quot;:&quot;fadeInUp&quot;,&quot;_animation_delay&quot;:400}\" data-widget_type=\"text-editor.default\">\n\t\t\t\t<div class=\"elementor-widget-container\">\n\t\t\t\t\t\t\t\t\t<p><strong>Information according to \u00a75 Telemedia Act:<\/strong><\/p><p><strong><span style=\"color: #65ac44;\">Tiger Energy Project GmbH<\/span><\/strong><br \/><span style=\"color: #65ac44;\">Lingener Stra\u00dfe 24<\/span><br \/><span style=\"color: #65ac44;\">49835 Wietmarschen<\/span><\/p><p><strong>Represented by:<\/strong><br \/>Ulrich Schomakers<\/p><p class=\"translation-block\"><strong>Contact<\/strong><br>Phone:<span style=\"color: #65ac44\"><a style=\"color: #65ac44\" href=\"tel:4959253869750\" target=\"_self\">+49 5925 386 975 0<\/a><\/span><\/p><p class=\"translation-block\">E-Mail: <span style=\"color: #65ac44\"><a style=\"color: #65ac44\" href=\"mailto:info@tigerenergyproject.com\" target=\"_self\">info@tigerenergyproject.com<\/a><\/span><br>Website: <span style=\"color: #65ac44\"><a style=\"color: #65ac44\" href=\"http:\/\/www.tigerenergyproject.de\/\" target=\"_self\">www.tigerenergyproject.com<\/a><\/span><\/p><p class=\"translation-block\">Commercial register: HRB 201740<br>\nRegistration court: Osnabr\u00fcck district court<\/p><p class=\"translation-block\"><strong>Sales tax<br>\n<\/strong>Sales tax identification number in accordance with Section 27a of the Sales Tax Act: DE268145265<\/p><p><strong>Streitschlichtung<\/strong><br \/>Tiger Energy Project GmbH does not take part in dispute resolution procedures of a consumer arbitration board and is not obliged to do so.<\/p><p class=\"translation-block\"><strong>Liability for content<\/strong><br>\nAs a service provider, we are responsible for our own content on these pages in accordance with general laws in accordance with Section 7 Paragraph 1 TMG. However, according to Sections 8 to 10 TMG, as a service provider we are not obliged to monitor transmitted or stored third-party information or to investigate circumstances that indicate illegal activity.<\/p><p>Obligations to remove or block the use of information in accordance with general law remain unaffected. However, liability in this regard is only possible from the time of knowledge of a specific legal violation. If we become aware of any corresponding legal violations, we will immediately remove this content.<\/p><p class=\"translation-block\"><strong>Liability for links<br><\/strong>\nOur offer contains links to external third-party websites over whose content we have no influence. We therefore cannot assume any liability for this external content. The respective provider or operator of the pages is always responsible for the content of the linked pages. The linked pages were checked for possible legal violations at the time of linking. Illegal content was not apparent at the time of linking.<\/p><p>However, permanent control of the content of the linked pages is unreasonable without concrete evidence of a legal violation. If we become aware of any legal violations, we will immediately remove such links.<\/p><p class=\"translation-block\"><strong>Copyright<\/strong><br>\nThe content and works on these pages created by the site operators are subject to German copyright law. Reproduction, processing, distribution and any kind of exploitation outside the limits of copyright law require the written consent of the respective author or creator. Downloads and copies of this page are only permitted for private, non-commercial use.<\/p><p>If the content on this site was not created by the operator, the copyrights of third parties are respected. In particular contents of third parties are marked as such. Should you nevertheless become aware of a copyright infringement, we ask that you notify us accordingly. If we become aware of any legal violations, we will immediately remove such content.<\/p><p><span style=\"color: #65ac44;\"><strong>Design and implementation<\/strong><\/span><br \/><span style=\"color: #65ac44;\"><strong>Moonlight Marketing GmbH<\/strong><\/span><br \/>Lange Stra\u00dfe 172B<br \/>44581 Castrop-Rauxel<\/p><p class=\"translation-block\"><strong>Website: <span style=\"color: #65ac44;\"><a style=\"color: #65ac44;\" href=\"https:\/\/www.moonlight-marketing.de\/\" target=\"_self\">www.moonlight-marketing.de<\/a><\/span><\/strong><\/p>\t\t\t\t\t\t\t\t<\/div>\n\t\t\t\t<\/div>\n\t\t\t\t\t<\/div>\n\t\t\t\t<\/div>\n\t\t\t\t<\/div>","protected":false},"excerpt":{"rendered":"<p>Impressum Startseite Impressum Angaben gem\u00e4\u00df \u00a75 Telemediengesetz: Tiger Energy Project GmbHLingener Stra\u00dfe 2449835 Wietmarschen Vertreten durch:Ulrich Schomakers KontaktTelefon:+49 5925 386 975 0 E-Mail: info@tigerenergyproject.comWebseite: www.tigerenergyproject.com Handelsregister: HRB 201740Registergericht: Amtsgericht Osnabr\u00fcck UmsatzsteuerUmsatzsteuer-Identifikationsnummer gem\u00e4\u00df \u00a727a Umsatzsteuergesetz: DE268145265 StreitschlichtungDie Tiger Energy Project GmbH nimmt nicht an Streitbeilegungsverfahren einer Verbraucherschlichtungsstelle teil und ist dazu auch nicht verpflichtet. Haftung f\u00fcr [&hellip;]<\/p>","protected":false},"author":4,"featured_media":0,"parent":0,"menu_order":0,"comment_status":"closed","ping_status":"closed","template":"elementor_header_footer","meta":{"footnotes":""},"class_list":["post-12","page","type-page","status-publish","hentry"],"_links":{"self":[{"href":"https:\/\/tigerenergyproject.com\/en\/wp-json\/wp\/v2\/pages\/12","targetHints":{"allow":["GET"]}}],"collection":[{"href":"https:\/\/tigerenergyproject.com\/en\/wp-json\/wp\/v2\/pages"}],"about":[{"href":"https:\/\/tigerenergyproject.com\/en\/wp-json\/wp\/v2\/types\/page"}],"author":[{"embeddable":true,"href":"https:\/\/tigerenergyproject.com\/en\/wp-json\/wp\/v2\/users\/4"}],"replies":[{"embeddable":true,"href":"https:\/\/tigerenergyproject.com\/en\/wp-json\/wp\/v2\/comments?post=12"}],"version-history":[{"count":13,"href":"https:\/\/tigerenergyproject.com\/en\/wp-json\/wp\/v2\/pages\/12\/revisions"}],"predecessor-version":[{"id":2385,"href":"https:\/\/tigerenergyproject.com\/en\/wp-json\/wp\/v2\/pages\/12\/revisions\/2385"}],"wp:attachment":[{"href":"https:\/\/tigerenergyproject.com\/en\/wp-json\/wp\/v2\/media?parent=12"}],"curies":[{"name":"wp","href":"https:\/\/api.w.org\/{rel}","templated":true}]}}