{"id":14,"date":"2024-03-17T16:40:55","date_gmt":"2024-03-17T15:40:55","guid":{"rendered":"https:\/\/tigerenergyproject.com\/?page_id=14"},"modified":"2025-07-24T18:31:10","modified_gmt":"2025-07-24T16:31:10","slug":"agb","status":"publish","type":"page","link":"https:\/\/tigerenergyproject.com\/en\/agb\/","title":{"rendered":"Conditions"},"content":{"rendered":"<div data-elementor-type=\"wp-page\" data-elementor-id=\"14\" class=\"elementor elementor-14\" data-elementor-post-type=\"page\">\n\t\t\t\t<div class=\"elementor-element elementor-element-ca1329e e-flex e-con-boxed e-con e-parent\" data-id=\"ca1329e\" data-element_type=\"container\" data-settings=\"{&quot;background_background&quot;:&quot;classic&quot;}\">\n\t\t\t\t\t<div class=\"e-con-inner\">\n\t\t\t\t<div class=\"elementor-element elementor-element-8ecc80c elementor-invisible elementor-widget elementor-widget-heading\" data-id=\"8ecc80c\" data-element_type=\"widget\" data-settings=\"{&quot;_animation&quot;:&quot;fadeInUp&quot;}\" data-widget_type=\"heading.default\">\n\t\t\t\t<div class=\"elementor-widget-container\">\n\t\t\t\t\t<h2 class=\"elementor-heading-title elementor-size-default\">General terms and conditions of business<\/h2>\t\t\t\t<\/div>\n\t\t\t\t<\/div>\n\t\t\t\t<div class=\"elementor-element elementor-element-48b89c1 elementor-icon-list--layout-inline elementor-align-center elementor-hidden-mobile elementor-list-item-link-full_width elementor-invisible elementor-widget elementor-widget-icon-list\" data-id=\"48b89c1\" data-element_type=\"widget\" data-settings=\"{&quot;_animation&quot;:&quot;fadeInUp&quot;,&quot;_animation_delay&quot;:200}\" data-widget_type=\"icon-list.default\">\n\t\t\t\t<div class=\"elementor-widget-container\">\n\t\t\t\t\t\t\t<ul class=\"elementor-icon-list-items elementor-inline-items\">\n\t\t\t\t\t\t\t<li class=\"elementor-icon-list-item elementor-inline-item\">\n\t\t\t\t\t\t\t\t\t\t\t<a href=\"https:\/\/tigerenergyproject.com\/en\/\">\n\n\t\t\t\t\t\t\t\t\t\t\t<span class=\"elementor-icon-list-text\">Home<\/span>\n\t\t\t\t\t\t\t\t\t\t\t<\/a>\n\t\t\t\t\t\t\t\t\t<\/li>\n\t\t\t\t\t\t\t\t<li class=\"elementor-icon-list-item elementor-inline-item\">\n\t\t\t\t\t\t\t\t\t\t\t<a href=\"https:\/\/tigerenergyproject.com\/en\/agb\/\">\n\n\t\t\t\t\t\t\t\t\t\t\t\t<span class=\"elementor-icon-list-icon\">\n\t\t\t\t\t\t\t<svg aria-hidden=\"true\" class=\"e-font-icon-svg e-fas-long-arrow-alt-right\" viewbox=\"0 0 448 512\" xmlns=\"http:\/\/www.w3.org\/2000\/svg\"><path d=\"M313.941 216H12c-6.627 0-12 5.373-12 12v56c0 6.627 5.373 12 12 12h301.941v46.059c0 21.382 25.851 32.09 40.971 16.971l86.059-86.059c9.373-9.373 9.373-24.569 0-33.941l-86.059-86.059c-15.119-15.119-40.971-4.411-40.971 16.971V216z\"><\/path><\/svg>\t\t\t\t\t\t<\/span>\n\t\t\t\t\t\t\t\t\t\t<span class=\"elementor-icon-list-text\">General terms and conditions of business<\/span>\n\t\t\t\t\t\t\t\t\t\t\t<\/a>\n\t\t\t\t\t\t\t\t\t<\/li>\n\t\t\t\t\t\t<\/ul>\n\t\t\t\t\t\t<\/div>\n\t\t\t\t<\/div>\n\t\t<div class=\"elementor-element elementor-element-61f3a14 e-con-full elementor-hidden-mobile e-flex elementor-invisible e-con e-child\" data-id=\"61f3a14\" data-element_type=\"container\" data-settings=\"{&quot;background_background&quot;:&quot;classic&quot;,&quot;animation&quot;:&quot;fadeInUp&quot;,&quot;animation_delay&quot;:400}\">\n\t\t\t\t<div class=\"elementor-element elementor-element-6b8e2e8 elementor-widget-divider--view-line elementor-widget elementor-widget-divider\" data-id=\"6b8e2e8\" data-element_type=\"widget\" data-widget_type=\"divider.default\">\n\t\t\t\t<div class=\"elementor-widget-container\">\n\t\t\t\t\t\t\t<div class=\"elementor-divider\">\n\t\t\t<span class=\"elementor-divider-separator\">\n\t\t\t\t\t\t<\/span>\n\t\t<\/div>\n\t\t\t\t\t\t<\/div>\n\t\t\t\t<\/div>\n\t\t\t\t<\/div>\n\t\t\t\t\t<\/div>\n\t\t\t\t<\/div>\n\t\t<div class=\"elementor-element elementor-element-bc5c80e e-flex e-con-boxed e-con e-parent\" data-id=\"bc5c80e\" data-element_type=\"container\">\n\t\t\t\t\t<div class=\"e-con-inner\">\n\t\t\t\t<div class=\"elementor-element elementor-element-d999300 elementor-invisible elementor-widget elementor-widget-text-editor\" data-id=\"d999300\" data-element_type=\"widget\" data-settings=\"{&quot;_animation&quot;:&quot;fadeInUp&quot;,&quot;_animation_delay&quot;:400}\" data-widget_type=\"text-editor.default\">\n\t\t\t\t<div class=\"elementor-widget-container\">\n\t\t\t\t\t\t\t\t\t<div class=\"wpb_text_column wpb_content_element thegem-vc-text thegem-custom-64edfbe1440da6026\"><div class=\"wpb_wrapper\"><p class=\"translation-block\"><strong><span style=\"color: #65ac44\">\u00a7 1 \u00a7 1 General<\/span><br><\/strong>\n(1) The following terms and conditions apply to all current and future business relationships with the customer.<strong><br><\/strong>(2) Differing, conflicting or supplementary general terms and conditions do not become part of the contract, even if they are known, unless their validity is expressly agreed to in writing.\n<strong><br><\/strong>(3) Our general terms and conditions apply to both consumers and entrepreneurs, unless a differentiation is made in the respective clause.\n<strong><br><\/strong>(4) Our data protection declaration also applies.<\/p><\/div><\/div><div class=\"wpb_text_column wpb_content_element thegem-vc-text thegem-custom-64edfbe1442182884\"><div class=\"wpb_wrapper\"><p class=\"translation-block\"><span style=\"color: #65ac44\"><strong>\u00a7 2 Offer and conclusion of contract<\/strong><\/span><br>\n(1) Our offers are subject to change and non-binding.<strong><br><\/strong>(2) The purchaser's placement of an order represents a binding offer that we can accept within two weeks of sending an order confirmation.\n<strong><br><\/strong>(3) Verbal agreements, promises, assurances and guarantees in connection with the conclusion of the contract only become binding with our written confirmation. Agreements with our employees require our written confirmation to be legally effective. Additional work and deliveries as well as requests for changes will result in additional costs \u2013 unless otherwise agreed.\n<strong><br><\/strong>(4) We reserve the right to make technical changes as well as changes in shape, color or weight within reason. We reserve ownership rights and copyrights to illustrations, drawings, calculations, plans and other documents. They may not be made accessible to third parties without our express consent. If the order is not placed, they must be returned or destroyed immediately.\n<strong><br><\/strong>(5) The conclusion of the contract is subject to correct and timely delivery by our suppliers. However, this only applies in the event that we are not responsible for the non-delivery, especially if an implied cover transaction has been concluded with our supplier. The customer will be informed immediately about the unavailability of the service. The consideration will be refunded immediately.<\/p><\/div><\/div><div class=\"wpb_text_column wpb_content_element thegem-vc-text thegem-custom-64edfbe14432f3668\"><div class=\"wpb_wrapper\"><p class=\"translation-block\"><span style=\"color: #65ac44\"><strong>\u00a7 3 Payment and late payment<\/strong><\/span><br>(1)\n(1) The decisive factor is the remuneration agreed in the contract or the price agreed in the contract. The prices include statutory VAT, unless this is stated separately.<br>(2) Unless otherwise expressly agreed, the agreed price is\ndue for payment in full no later than the stated payment terms.<br>(3) The statutory regulations apply to late payment. If the customer defaults on payment and does not make any payment after we have given him a reasonable grace period, or if the customer seriously and definitively refuses payment even though he has no right to refuse performance or to withhold payment, we are entitled to withdraw from the contract and demand compensation .\n<br>(4) Unless otherwise agreed, we reserve the right to make reasonable price changes due to changes in wages, materials, raw materials and distribution costs for deliveries made 3 months or later after conclusion of the contract.\n<br>(5) The deduction of a discount is only permitted if there is a special written agreement.<\/p><\/div><\/div><div class=\"wpb_text_column wpb_content_element thegem-vc-text thegem-custom-64edfbe14444095\"><div class=\"wpb_wrapper\"><p class=\"translation-block\"><span style=\"color: #65ac44\"><strong>\u00a7 4 Delivery and dates<\/strong><\/span><br>\n(1) Delivery times and dates are only considered approximate unless they are expressly designated as fixed dates. If an agreed deadline is exceeded, an appropriate grace period must be set. If the grace period is not met in the event of a delay, the purchaser can withdraw from the contract to the extent that it has not yet been fulfilled.<br>(2) Changes or changes initiated by the customer after conclusion of the contract result in even fixed delivery dates being non-binding, unless otherwise expressly agreed.\n<br>(3) The delivery period is extended accordingly in the event of disruptions in our business operations or those of our suppliers for which we are not responsible, in particular in the event of measures in the context of labor disputes, in pandemics, in cases of force majeure that are based on unforeseen events for which we are not responsible Duration of the actual disruption to business operations. We are obliged to inform the customer immediately about the occurrence and termination of such disruptions.<br>(4) Partial deliveries are permitted as long as they are in the interest of the purchaser and are reasonable for him.\n<br>(5) If delivery becomes impossible because the upstream suppliers do\nnot deliver to us through no fault of our own, we are entitled to withdraw from the contract if the reasons for non-delivery by the upstream supplier only arose after the contract was concluded with the customer at the time of were not foreseeable when the contract was concluded with the customer and\/or we can prove that we made reasonable efforts to obtain a replacement without success.<\/p><\/div><\/div><div class=\"wpb_text_column wpb_content_element thegem-vc-text thegem-custom-64edfbe14454e3518\"><div class=\"wpb_wrapper\"><p class=\"translation-block\"><span style=\"color: #65ac44\"><strong>\u00a7 5 Acceptance\/Acceptance<\/strong><\/span><br>(1) The purchaser is obliged to accept\/accept the goods\/services delivered on the agreed handover date.<br>(2) If the purchaser does not accept the ordered goods\/services on the agreed handover\/acceptance date without a justifiable reason, even though we have actually offered them the contractually owed goods\/services, or if the purchaser does not call up the goods\/services on the agreed delivery date and refuses to do so If the customer refuses to take over\/accept the goods or call them off without authorization even after a reasonable grace period set by us has expired, or if he has seriously and finally declared that he refuses to take over\/acceptance, the agreed remuneration\/price will be due for payment.\n<br>(3) The customer must reimburse us for the shipping company's usual storage costs for the period of delay. However, we are also entitled, at our discretion, to withdraw from the contract and demand compensation or to demand compensation instead of performance. In these cases, we can demand 25% of the agreed total price as flat-rate compensation. The customer reserves the right to prove lesser damage; We reserve the right to prove greater damage.<\/p><\/div><\/div><div class=\"wpb_text_column wpb_content_element thegem-vc-text thegem-custom-64edfbe14465b1721\"><div class=\"wpb_wrapper\"><p class=\"translation-block\"><span style=\"color: #65ac44\"><strong>\u00a7 6 Transfer of risk<\/strong><\/span><br>\n(1) If the customer is an entrepreneur, the risk of accidental loss and accidental deterioration of the goods passes with the handover, or in the case of a mail order purchase with the delivery of the item to the freight forwarder, the freight carrier or the person otherwise designated to carry out the shipment or institution to the purchaser.<br>(2) If the customer is a consumer, the risk of accidental loss and accidental deterioration of the item sold, even in the case of a mail order purchase, only passes to the customer when the item is handed over.\n<br>(3) This handover is deemed to be the same if the purchaser is in default of acceptance.<\/p><\/div><\/div><div class=\"wpb_text_column wpb_content_element thegem-vc-text thegem-custom-64edfbe1447612909\"><div class=\"wpb_wrapper\"><p class=\"translation-block\"><span style=\"color: #65ac44\"><strong>\u00a7 7 Liability for defects<\/strong><\/span><br>\n(1) Liability for defects is based on the statutory provisions, taking these conditions into account.<br>\n(2) If the purchaser is an entrepreneur, the purchaser's warranty rights require that he has properly fulfilled his obligation to inspect and give notice of defects in accordance with Section 377 of the German Commercial Code (HGB).<br>\n(3) Material defects must be reported immediately in writing. Defects that cannot be discovered immediately even after careful inspection must be reported in writing immediately after discovery. The defects must be described in as much detail as possible to the purchaser.<br>\n(4) The purchaser's rights are initially limited to repairs. If this fails, the customer must give us a long period of time to make improvements if this is reasonable. After the deadline has expired, the customer is entitled to reduce the remuneration\/price.<br>\n(5) Descriptions of the goods in brochures, catalogs and advertising materials merely represent information about their quality. Guarantees, assurances of properties or assurances of special obligations are only deemed to have been given if the terms \u201cguarantee\u201d or \u201cassurance\u201d are expressly mentioned.<br>\n(6) Claims arising from guarantee declarations from third parties, for example the manufacturer or supplier, must be asserted directly with the guarantor. Without an express agreement, we are not liable for the existence of such third-party guarantees, especially not in the event of the guarantor's insolvency.<br>\n(7) If only one individual component delivered is defective, we are entitled to fulfill a replacement delivery request from the purchaser by providing a defect-free individual component, provided this is appropriate and reasonable for the purchaser.<br>\n(8) Claims for defects do not exist if there is only an insignificant deviation from the agreed quality, if there is only an insignificant impairment of usability, if there is natural wear and tear or if there is damage that occurs after the transfer of risk as a result of incorrect or negligent handling, excessive stress, unsuitable operating materials, defective construction work, unsuitable subsoil or due to special external influences that are not assumed under the contract. If repair work or changes are carried out improperly by the customer or third parties, no claims for defects arise for these or the resulting consequences.<br>\n(9) If the customer is an entrepreneur, claims for defects expire 12 months after the transfer of risk.<\/p><\/div><\/div><div class=\"wpb_text_column wpb_content_element thegem-vc-text thegem-custom-64edfbe1448779627\"><div class=\"wpb_wrapper\"><p class=\"translation-block\"><span style=\"color: #65ac44\"><strong>\u00a7 8 Retention of title<\/strong><\/span><br>\n(1) In contracts with consumers, we reserve ownership of the goods we deliver until the remuneration\/price has been paid in full.<br>\n(2) If the customer is an entrepreneur, we reserve ownership of the goods delivered by us until all claims from an ongoing business relationship have been settled in full.<br>\n(3) The purchaser is obliged to treat the goods with care during the retention of title. If maintenance and\/or inspection work is necessary, the purchaser must carry this out regularly at his own expense.<br>\n(4) The purchaser is obliged to immediately notify us of any access by third parties to the goods, for example in the event of compulsory enforcement measures, as well as any damage or destruction of the goods. The customer must reimburse us for all damages and costs that arise from a breach of these obligations and from necessary intervention measures against third-party access to the goods.<br>\n(5) The purchaser may, to the extent and as long as our retention of title exists, neither assign nor pledge goods as security without our consent. Conclusion of financing contracts that include the transfer or pledging of our reserved rights require our prior written consent, unless the contract obliges the financing institution to pay the remuneration to which we are entitled directly to us.<br>\n(6) The customer undertakes to protect our property accordingly even if the goods delivered are not intended directly for the customer but for third parties. He will expressly inform the recipient of this retention of title.<\/p><\/div><\/div><div class=\"wpb_text_column wpb_content_element thegem-vc-text thegem-custom-64edfbe14498f3794\"><div class=\"wpb_wrapper\"><p class=\"translation-block\"><span style=\"color: #65ac44\"><strong>\u00a7 9 Limitation of liability<\/strong><\/span><br>\n(1) In the case of slightly negligent breaches of duty, our liability is limited to the direct damage that is foreseeable and typical for the contract. The same also applies to slightly negligent breaches of duty by our legal representatives or vicarious agents.<br>\n(2) We are not liable for slightly negligent breaches of non-essential contractual obligations, the breach of which does not jeopardize the execution of the contract.<br>\n(3) The above limitations of liability do not affect the purchaser's claims arising from product liability or warranty. Furthermore, the liability limitations do not apply to physical injuries or damage to health or loss of life of the customer that are attributable to us.<br>\n(4) Mandatory statutory liability regulations remain unaffected.<\/p><\/div><\/div><div class=\"wpb_text_column wpb_content_element thegem-vc-text thegem-custom-64edfbe144a95742\"><div class=\"wpb_wrapper\"><p class=\"translation-block\"><span style=\"color: #65ac44\"><strong>\u00a7 10 Set-off, right of retention<\/strong><\/span><br>\n(1) The customer is only entitled to set-off rights if his counterclaims have been legally established, are undisputed or recognized by us. If the customer is an entrepreneur, a right of retention is excluded unless the customer's counterclaim comes from the same contractual relationship and is undisputed or legally established.<br>\n(2) The customer may only exercise a right of retention if his counterclaim is based on this contract.<\/p><\/div><\/div><div class=\"wpb_text_column wpb_content_element thegem-vc-text thegem-custom-64edfbe144ba98947\"><div class=\"wpb_wrapper\"><p><span style=\"color: #65ac44;\"><strong>\u00a7 11 Schlussbestimmungen<\/strong><\/span><br \/>(1) Es wird darauf hingewiesen, dass im Rahmen der Gesch\u00e4ftsbeziehungen oder im Zusammenhang mit diesen erhobenen personenbezogenen Daten im Sinne von Art. 2 Datenschutz-Grundverordnung (DS-GVO) verarbeitet werden, sofern die Voraussetzungen des Art. 6 Abs. 1 DS-GVO vorliegen.<br \/>(2) Soweit gesetzlich zul\u00e4ssig, ist der Gerichtsstand f\u00fcr alle sich aus dem Vertragsverh\u00e4ltnis unmittelbar oder mittelbar ergebenden Streitigkeiten unser Firmensitz.<br \/>(3) Sollten einzelne Bestimmungen ganz oder teilweise unwirksam sein, so wird dadurch die Wirksamkeit der \u00fcbrigen Bestimmungen nicht ber\u00fchrt. Die ganz oder teilweise unwirksame Regelung soll durch eine Regelung ersetzt werden, deren wirtschaftlicher Erfolg dem der unwirksamen m\u00f6glichst nahekommt.<br \/>(4)\u00a0Zur Teilnahme an einem Streitbeilegungsverfahren vor einer Verbraucherschlichtungsstelle sind wir nicht verpflichtet und nicht bereit.<\/p><\/div><\/div><div class=\"wpb_text_column wpb_content_element thegem-vc-text thegem-custom-64edfbe144cb56091\"><div class=\"wpb_wrapper\"><p>Stand: Januar 2022<\/p><\/div><\/div>\t\t\t\t\t\t\t\t<\/div>\n\t\t\t\t<\/div>\n\t\t\t\t\t<\/div>\n\t\t\t\t<\/div>\n\t\t\t\t<\/div>","protected":false},"excerpt":{"rendered":"<p>Allgemeine Gesch\u00e4ftsbedingungen Startseite Allgemeine Gesch\u00e4ftsbedingungen \u00a7 1 Allgemeines(1) Die nachfolgenden Gesch\u00e4ftsbedingungen gelten f\u00fcr alle gegenw\u00e4rtigen und zuk\u00fcnftigen Gesch\u00e4ftsbeziehungen mit dem Besteller.(2) Abweichende, entgegenstehende oder erg\u00e4nzende allgemeine Gesch\u00e4ftsbedingungen werden selbst bei Kenntnis nicht Vertragsbestandteil, es sei denn, ihrer Geltung wird ausdr\u00fccklich schriftlich zugestimmt.(3) Unsere Allgemeinen Gesch\u00e4ftsbedingungen gelten sowohl gegen\u00fcber Verbrauchern als auch gegen\u00fcber Unternehmern, es sei [&hellip;]<\/p>","protected":false},"author":4,"featured_media":0,"parent":0,"menu_order":0,"comment_status":"closed","ping_status":"closed","template":"elementor_header_footer","meta":{"footnotes":""},"class_list":["post-14","page","type-page","status-publish","hentry"],"_links":{"self":[{"href":"https:\/\/tigerenergyproject.com\/en\/wp-json\/wp\/v2\/pages\/14","targetHints":{"allow":["GET"]}}],"collection":[{"href":"https:\/\/tigerenergyproject.com\/en\/wp-json\/wp\/v2\/pages"}],"about":[{"href":"https:\/\/tigerenergyproject.com\/en\/wp-json\/wp\/v2\/types\/page"}],"author":[{"embeddable":true,"href":"https:\/\/tigerenergyproject.com\/en\/wp-json\/wp\/v2\/users\/4"}],"replies":[{"embeddable":true,"href":"https:\/\/tigerenergyproject.com\/en\/wp-json\/wp\/v2\/comments?post=14"}],"version-history":[{"count":13,"href":"https:\/\/tigerenergyproject.com\/en\/wp-json\/wp\/v2\/pages\/14\/revisions"}],"predecessor-version":[{"id":2389,"href":"https:\/\/tigerenergyproject.com\/en\/wp-json\/wp\/v2\/pages\/14\/revisions\/2389"}],"wp:attachment":[{"href":"https:\/\/tigerenergyproject.com\/en\/wp-json\/wp\/v2\/media?parent=14"}],"curies":[{"name":"wp","href":"https:\/\/api.w.org\/{rel}","templated":true}]}}