{"id":20,"date":"2024-03-17T16:41:17","date_gmt":"2024-03-17T15:41:17","guid":{"rendered":"https:\/\/tigerenergyproject.com\/?page_id=20"},"modified":"2024-06-19T12:57:19","modified_gmt":"2024-06-19T10:57:19","slug":"aktuelles","status":"publish","type":"page","link":"https:\/\/tigerenergyproject.com\/en\/aktuelles\/","title":{"rendered":"News"},"content":{"rendered":"<div data-elementor-type=\"wp-page\" data-elementor-id=\"20\" class=\"elementor elementor-20\" data-elementor-post-type=\"page\">\n\t\t\t\t<div class=\"elementor-element elementor-element-76f2acc e-flex e-con-boxed e-con e-parent\" data-id=\"76f2acc\" data-element_type=\"container\" data-settings=\"{&quot;background_background&quot;:&quot;classic&quot;}\">\n\t\t\t\t\t<div class=\"e-con-inner\">\n\t\t\t\t<div class=\"elementor-element elementor-element-752c540 elementor-invisible elementor-widget elementor-widget-heading\" data-id=\"752c540\" data-element_type=\"widget\" data-settings=\"{&quot;_animation&quot;:&quot;fadeInUp&quot;}\" data-widget_type=\"heading.default\">\n\t\t\t\t<div class=\"elementor-widget-container\">\n\t\t\t\t\t<h2 class=\"elementor-heading-title elementor-size-default\">News from Wietmarschen<\/h2>\t\t\t\t<\/div>\n\t\t\t\t<\/div>\n\t\t\t\t<div class=\"elementor-element elementor-element-86cbcd0 elementor-icon-list--layout-inline elementor-align-center elementor-hidden-mobile elementor-list-item-link-full_width elementor-invisible elementor-widget elementor-widget-icon-list\" data-id=\"86cbcd0\" data-element_type=\"widget\" data-settings=\"{&quot;_animation&quot;:&quot;fadeInUp&quot;,&quot;_animation_delay&quot;:200}\" data-widget_type=\"icon-list.default\">\n\t\t\t\t<div class=\"elementor-widget-container\">\n\t\t\t\t\t\t\t<ul class=\"elementor-icon-list-items elementor-inline-items\">\n\t\t\t\t\t\t\t<li class=\"elementor-icon-list-item elementor-inline-item\">\n\t\t\t\t\t\t\t\t\t\t\t<a href=\"https:\/\/tigerenergyproject.com\/en\/\">\n\n\t\t\t\t\t\t\t\t\t\t\t<span class=\"elementor-icon-list-text\">Home<\/span>\n\t\t\t\t\t\t\t\t\t\t\t<\/a>\n\t\t\t\t\t\t\t\t\t<\/li>\n\t\t\t\t\t\t\t\t<li class=\"elementor-icon-list-item elementor-inline-item\">\n\t\t\t\t\t\t\t\t\t\t\t<a href=\"https:\/\/tigerenergyproject.com\/en\/aktuelles\/\">\n\n\t\t\t\t\t\t\t\t\t\t\t\t<span class=\"elementor-icon-list-icon\">\n\t\t\t\t\t\t\t<svg aria-hidden=\"true\" class=\"e-font-icon-svg e-fas-long-arrow-alt-right\" viewbox=\"0 0 448 512\" xmlns=\"http:\/\/www.w3.org\/2000\/svg\"><path d=\"M313.941 216H12c-6.627 0-12 5.373-12 12v56c0 6.627 5.373 12 12 12h301.941v46.059c0 21.382 25.851 32.09 40.971 16.971l86.059-86.059c9.373-9.373 9.373-24.569 0-33.941l-86.059-86.059c-15.119-15.119-40.971-4.411-40.971 16.971V216z\"><\/path><\/svg>\t\t\t\t\t\t<\/span>\n\t\t\t\t\t\t\t\t\t\t<span class=\"elementor-icon-list-text\">News<\/span>\n\t\t\t\t\t\t\t\t\t\t\t<\/a>\n\t\t\t\t\t\t\t\t\t<\/li>\n\t\t\t\t\t\t<\/ul>\n\t\t\t\t\t\t<\/div>\n\t\t\t\t<\/div>\n\t\t<div class=\"elementor-element elementor-element-96158ac e-con-full elementor-hidden-mobile e-flex elementor-invisible e-con e-child\" data-id=\"96158ac\" data-element_type=\"container\" data-settings=\"{&quot;background_background&quot;:&quot;video&quot;,&quot;animation&quot;:&quot;fadeInUp&quot;,&quot;animation_delay&quot;:400,&quot;background_video_link&quot;:&quot;https:\\\/\\\/www.youtube.com\\\/watch?v=s9wlORfByn4&quot;}\">\n\t\t<div class=\"elementor-background-video-container elementor-hidden-mobile\" aria-hidden=\"true\">\n\t\t\t\t\t\t\t<div class=\"elementor-background-video-embed\"><\/div>\n\t\t\t\t\t\t<\/div>\t\t<div class=\"elementor-element elementor-element-0041c22 elementor-widget-divider--view-line elementor-widget elementor-widget-divider\" data-id=\"0041c22\" data-element_type=\"widget\" data-widget_type=\"divider.default\">\n\t\t\t\t<div class=\"elementor-widget-container\">\n\t\t\t\t\t\t\t<div class=\"elementor-divider\">\n\t\t\t<span class=\"elementor-divider-separator\">\n\t\t\t\t\t\t<\/span>\n\t\t<\/div>\n\t\t\t\t\t\t<\/div>\n\t\t\t\t<\/div>\n\t\t\t\t<\/div>\n\t\t\t\t\t<\/div>\n\t\t\t\t<\/div>\n\t\t<div class=\"elementor-element elementor-element-1bafe8bc e-flex e-con-boxed e-con e-parent\" data-id=\"1bafe8bc\" data-element_type=\"container\">\n\t\t\t\t\t<div class=\"e-con-inner\">\n\t\t\t\t<div class=\"elementor-element elementor-element-8a2e034 elementor-invisible elementor-widget elementor-widget-elementskit-blog-posts\" data-id=\"8a2e034\" data-element_type=\"widget\" data-settings=\"{&quot;_animation&quot;:&quot;fadeInUp&quot;,&quot;_animation_delay&quot;:400}\" data-widget_type=\"elementskit-blog-posts.default\">\n\t\t\t\t<div class=\"elementor-widget-container\">\n\t\t\t\t\t<div class=\"ekit-wid-con\" >\n        <div id=\"post-items--8a2e034\" class=\"row post-items ekit-blog-posts-content wihout-masonry\" data-enable=\"no\">\n\n\t\t\t<!-- Blog Carousel markup render -->\n\t\t\t\n\n            <div class=\"col-lg-4 col-md-6\">\n\n                                    <div class=\"elementskit-post-image-card\">\n                        <div class=\"elementskit-entry-header\">\n                                                            <a href=\"https:\/\/tigerenergyproject.com\/en\/die-landwirtschaft-gestaltet-die-energiezukunft\/\" class=\"elementskit-entry-thumb\">\n                                    <img decoding=\"async\" src=\"https:\/\/tigerenergyproject.com\/wp-content\/uploads\/2024\/11\/01a5ed2f-c22c-42e1-ba8a-3e6f9dff531f-819x1024.jpg\" alt=\"Die Landwirtschaft gestaltet die Energiezukunft\">\n                                <\/a><!-- .elementskit-entry-thumb END -->\n                                                            \n                            \n                                                    <\/div><!-- .elementskit-entry-header END -->\n\n                        <div class=\"elementskit-post-body\">\n                            \n                                                                                                                <div class=\"post-meta-list\">\n                                                                                                <span class=\"meta-date\">\n\n                                <i aria-hidden=\"true\" class=\"icon icon-calendar-full\"><\/i>\n                                <span class=\"meta-date-text\">\n                                    4. November 2024                                <\/span>\n                            <\/span>\n                                                                                                            <\/div>\n                                                                        \n                                        \n                                                                                                <h2 class=\"entry-title\">\n                    <a href=\"https:\/\/tigerenergyproject.com\/en\/die-landwirtschaft-gestaltet-die-energiezukunft\/\">\n                            Die Landwirtschaft gestaltet die Energiezukunft                    <\/a>\n                <\/h2>\n                                                                                                                                                                                                            <div class=\"btn-wraper\">\n                                    \n                                                                            <a href=\"https:\/\/tigerenergyproject.com\/en\/die-landwirtschaft-gestaltet-die-energiezukunft\/\" class=\"elementskit-btn  whitespace--normal\" >\n                                                                                    read article                                        <\/a>\n                                                                    <\/div>\n                                                    <\/div><!-- .elementskit-post-body END -->\n                    <\/div>\n                \n            <\/div>\t\t\t\t\n\n            <div class=\"col-lg-4 col-md-6\">\n\n                                    <div class=\"elementskit-post-image-card\">\n                        <div class=\"elementskit-entry-header\">\n                                                            <a href=\"https:\/\/tigerenergyproject.com\/en\/caritas-rheine-erzeugt-eigenen-strom\/\" class=\"elementskit-entry-thumb\">\n                                    <img decoding=\"async\" src=\"https:\/\/tigerenergyproject.com\/wp-content\/uploads\/2024\/10\/tiger_20240131_drohne-3-1024x575.jpg\" alt=\"Caritas Rheine erzeugt eigenen Strom\">\n                                <\/a><!-- .elementskit-entry-thumb END -->\n                                                            \n                            \n                                                    <\/div><!-- .elementskit-entry-header END -->\n\n                        <div class=\"elementskit-post-body\">\n                            \n                                                                                                                <div class=\"post-meta-list\">\n                                                                                                <span class=\"meta-date\">\n\n                                <i aria-hidden=\"true\" class=\"icon icon-calendar-full\"><\/i>\n                                <span class=\"meta-date-text\">\n                                    2. October 2024                                <\/span>\n                            <\/span>\n                                                                                                            <\/div>\n                                                                        \n                                        \n                                                                                                <h2 class=\"entry-title\">\n                    <a href=\"https:\/\/tigerenergyproject.com\/en\/caritas-rheine-erzeugt-eigenen-strom\/\">\n                            Caritas Rheine erzeugt eigenen Strom                    <\/a>\n                <\/h2>\n                                                                                                                                                                                                            <div class=\"btn-wraper\">\n                                    \n                                                                            <a href=\"https:\/\/tigerenergyproject.com\/en\/caritas-rheine-erzeugt-eigenen-strom\/\" class=\"elementskit-btn  whitespace--normal\" >\n                                                                                    read article                                        <\/a>\n                                                                    <\/div>\n                                                    <\/div><!-- .elementskit-post-body END -->\n                    <\/div>\n                \n            <\/div>\t\t\t\t\n\n            <div class=\"col-lg-4 col-md-6\">\n\n                                    <div class=\"elementskit-post-image-card\">\n                        <div class=\"elementskit-entry-header\">\n                                                            <a href=\"https:\/\/tigerenergyproject.com\/en\/nachhaltigkeit-trifft-effizienz\/\" class=\"elementskit-entry-thumb\">\n                                    <img decoding=\"async\" src=\"https:\/\/tigerenergyproject.com\/wp-content\/uploads\/2024\/10\/6f9f106d-f0b5-4e44-96f0-3ed441b6c61c-1-872x1024.jpg\" alt=\"Nachhaltigkeit trifft Effizienz\">\n                                <\/a><!-- .elementskit-entry-thumb END -->\n                                                            \n                            \n                                                    <\/div><!-- .elementskit-entry-header END -->\n\n                        <div class=\"elementskit-post-body\">\n                            \n                                                                                                                <div class=\"post-meta-list\">\n                                                                                                <span class=\"meta-date\">\n\n                                <i aria-hidden=\"true\" class=\"icon icon-calendar-full\"><\/i>\n                                <span class=\"meta-date-text\">\n                                    2. October 2024                                <\/span>\n                            <\/span>\n                                                                                                            <\/div>\n                                                                        \n                                        \n                                                                                                <h2 class=\"entry-title\">\n                    <a href=\"https:\/\/tigerenergyproject.com\/en\/nachhaltigkeit-trifft-effizienz\/\">\n                            Nachhaltigkeit trifft Effizienz                    <\/a>\n                <\/h2>\n                                                                                                                                                                                                            <div class=\"btn-wraper\">\n                                    \n                                                                            <a href=\"https:\/\/tigerenergyproject.com\/en\/nachhaltigkeit-trifft-effizienz\/\" class=\"elementskit-btn  whitespace--normal\" >\n                                                                                    read article                                        <\/a>\n                                                                    <\/div>\n                                                    <\/div><!-- .elementskit-post-body END -->\n                    <\/div>\n                \n            <\/div>\t\t\t\t        <\/div>\n        \n        \n        <\/div>\t\t\t\t<\/div>\n\t\t\t\t<\/div>\n\t\t\t\t\t<\/div>\n\t\t\t\t<\/div>\n\t\t\t\t<\/div>","protected":false},"excerpt":{"rendered":"<p>Aktuelles aus Wietmarschen Startseite Aktuelles 19. Juni 2024 Testbeitrag Artikel lesen 18. M\u00e4rz 2024 Ausbau einer starken Partnerschaft Artikel lesen 8. M\u00e4rz 2024 Er\u00f6ffnung unserer neuen Gewerbehalle in Wietmarschen Artikel lesen<\/p>","protected":false},"author":4,"featured_media":0,"parent":0,"menu_order":0,"comment_status":"closed","ping_status":"closed","template":"elementor_header_footer","meta":{"footnotes":""},"class_list":["post-20","page","type-page","status-publish","hentry"],"_links":{"self":[{"href":"https:\/\/tigerenergyproject.com\/en\/wp-json\/wp\/v2\/pages\/20","targetHints":{"allow":["GET"]}}],"collection":[{"href":"https:\/\/tigerenergyproject.com\/en\/wp-json\/wp\/v2\/pages"}],"about":[{"href":"https:\/\/tigerenergyproject.com\/en\/wp-json\/wp\/v2\/types\/page"}],"author":[{"embeddable":true,"href":"https:\/\/tigerenergyproject.com\/en\/wp-json\/wp\/v2\/users\/4"}],"replies":[{"embeddable":true,"href":"https:\/\/tigerenergyproject.com\/en\/wp-json\/wp\/v2\/comments?post=20"}],"version-history":[{"count":13,"href":"https:\/\/tigerenergyproject.com\/en\/wp-json\/wp\/v2\/pages\/20\/revisions"}],"predecessor-version":[{"id":1935,"href":"https:\/\/tigerenergyproject.com\/en\/wp-json\/wp\/v2\/pages\/20\/revisions\/1935"}],"wp:attachment":[{"href":"https:\/\/tigerenergyproject.com\/en\/wp-json\/wp\/v2\/media?parent=20"}],"curies":[{"name":"wp","href":"https:\/\/api.w.org\/{rel}","templated":true}]}}