{"id":2194,"date":"2025-04-17T07:48:29","date_gmt":"2025-04-17T05:48:29","guid":{"rendered":"https:\/\/tigerenergyproject.com\/?page_id=2194"},"modified":"2025-04-17T08:27:02","modified_gmt":"2025-04-17T06:27:02","slug":"form-submission","status":"publish","type":"page","link":"https:\/\/tigerenergyproject.com\/en\/form-submission\/","title":{"rendered":"Formular-Antwort"},"content":{"rendered":"<div data-elementor-type=\"wp-page\" data-elementor-id=\"2194\" class=\"elementor elementor-2194\" data-elementor-post-type=\"page\">\n\t\t\t\t<div class=\"elementor-element elementor-element-335d0ee e-flex e-con-boxed e-con e-parent\" data-id=\"335d0ee\" data-element_type=\"container\" data-settings=\"{&quot;background_background&quot;:&quot;classic&quot;}\">\n\t\t\t\t\t<div class=\"e-con-inner\">\n\t\t<div class=\"elementor-element elementor-element-0216a2b e-con-full elementor-hidden-mobile e-flex elementor-invisible e-con e-child\" data-id=\"0216a2b\" data-element_type=\"container\" data-settings=\"{&quot;background_background&quot;:&quot;classic&quot;,&quot;animation&quot;:&quot;fadeInUp&quot;,&quot;animation_delay&quot;:400}\">\n\t\t\t\t<div class=\"elementor-element elementor-element-fe70bb4 elementor-widget-divider--view-line elementor-widget elementor-widget-divider\" data-id=\"fe70bb4\" data-element_type=\"widget\" data-widget_type=\"divider.default\">\n\t\t\t\t<div class=\"elementor-widget-container\">\n\t\t\t\t\t\t\t<div class=\"elementor-divider\">\n\t\t\t<span class=\"elementor-divider-separator\">\n\t\t\t\t\t\t<\/span>\n\t\t<\/div>\n\t\t\t\t\t\t<\/div>\n\t\t\t\t<\/div>\n\t\t\t\t<\/div>\n\t\t\t\t\t<\/div>\n\t\t\t\t<\/div>\n\t\t<div class=\"elementor-element elementor-element-6f69afc5 e-flex e-con-boxed e-con e-parent\" data-id=\"6f69afc5\" data-element_type=\"container\" id=\"xs_cta_style_14\">\n\t\t\t\t\t<div class=\"e-con-inner\">\n\t\t\t\t<div class=\"elementor-element elementor-element-6b1b0bdc elementor-widget elementor-widget-elementskit-heading\" data-id=\"6b1b0bdc\" data-element_type=\"widget\" data-widget_type=\"elementskit-heading.default\">\n\t\t\t\t<div class=\"elementor-widget-container\">\n\t\t\t\t\t<div class=\"ekit-wid-con\" ><div class=\"ekit-heading elementskit-section-title-wraper text_center   ekit_heading_tablet-   ekit_heading_mobile-\"><h2 class=\"ekit-heading--title elementskit-section-title\">Vielen Dank f\u00fcr Ihre Anfrage!<\/h2><\/div><\/div>\t\t\t\t<\/div>\n\t\t\t\t<\/div>\n\t\t<div class=\"elementor-element elementor-element-2a3f8a77 e-con-full e-flex e-con e-child\" data-id=\"2a3f8a77\" data-element_type=\"container\" data-settings=\"{&quot;background_background&quot;:&quot;classic&quot;}\">\n\t\t\t\t<div class=\"elementor-element elementor-element-34780d42 elementor-widget elementor-widget-elementskit-heading\" data-id=\"34780d42\" data-element_type=\"widget\" data-widget_type=\"elementskit-heading.default\">\n\t\t\t\t<div class=\"elementor-widget-container\">\n\t\t\t\t\t<div class=\"ekit-wid-con\" ><div class=\"ekit-heading elementskit-section-title-wraper text_left   ekit_heading_tablet-   ekit_heading_mobile-\"><h2 class=\"ekit-heading--title elementskit-section-title\">Wir haben Ihre Anfrage erhalten und werden uns in K\u00fcrze bei Ihnen melden.  <\/h2>\t\t\t\t<div class='ekit-heading__description'>\n\t\t\t\t\t<h3>Wir freuen uns darauf, Ihnen weiterzuhelfen.<\/h3>\n\t\t\t\t<\/div>\n\t\t\t<\/div><\/div>\t\t\t\t<\/div>\n\t\t\t\t<\/div>\n\t\t\t\t<div class=\"elementor-element elementor-element-299f40f1 elementor-align-right elementor-align--mobilecenter elementor-widget-tablet__width-inherit elementor-widget-mobile__width-auto elementor-widget elementor-widget-elementskit-button\" data-id=\"299f40f1\" data-element_type=\"widget\" data-widget_type=\"elementskit-button.default\">\n\t\t\t\t<div class=\"elementor-widget-container\">\n\t\t\t\t\t<div class=\"ekit-wid-con\" >\t\t<div class=\"ekit-btn-wraper\">\n\t\t\t\t\t\t\t<a href=\"https:\/\/tigerenergyproject.com\/en\/\" class=\"elementskit-btn  whitespace--normal\" id=\"\">\n\t\t\t\t\t<i class=\"icon icon-home\"><\/i>Zur\u00fcck zur Startseite\t\t\t\t<\/a>\n\t\t\t\t\t<\/div>\n        <\/div>\t\t\t\t<\/div>\n\t\t\t\t<\/div>\n\t\t\t\t<\/div>\n\t\t\t\t\t<\/div>\n\t\t\t\t<\/div>\n\t\t<div class=\"elementor-element elementor-element-edd00b8 e-flex e-con-boxed e-con e-parent\" data-id=\"edd00b8\" data-element_type=\"container\">\n\t\t\t\t\t<div class=\"e-con-inner\">\n\t\t\t\t<div class=\"elementor-element elementor-element-f0aacb4 elementor-invisible elementor-widget elementor-widget-text-editor\" data-id=\"f0aacb4\" data-element_type=\"widget\" data-settings=\"{&quot;_animation&quot;:&quot;fadeInUp&quot;,&quot;_animation_delay&quot;:400}\" data-widget_type=\"text-editor.default\">\n\t\t\t\t<div class=\"elementor-widget-container\">\n\t\t\t\t\t\t\t\t\t<p><strong><span style=\"color: #65ac44;\">Tiger Energy Project GmbH<\/span><\/strong><br \/><span style=\"color: #65ac44;\">Lingener Stra\u00dfe 24<\/span><br \/><span style=\"color: #65ac44;\">49835 Wietmarschen<\/span><\/p><p class=\"translation-block\"><strong>Contact<\/strong><br>Phone:<span style=\"color: #65ac44\"><a style=\"color: #65ac44\" href=\"tel:4959253869750\" target=\"_self\">+49 5925 386 975 0<\/a><\/span><\/p><p>E-Mail: <span style=\"color: #65ac44;\"><a style=\"color: #65ac44;\" href=\"mailto:info@tigerenergyproject.com\">info@tigerenergyproject.com<\/a><\/span><\/p>\t\t\t\t\t\t\t\t<\/div>\n\t\t\t\t<\/div>\n\t\t\t\t\t<\/div>\n\t\t\t\t<\/div>\n\t\t\t\t<\/div>","protected":false},"excerpt":{"rendered":"<p>Vielen Dank f\u00fcr Ihre Anfrage! Wir haben Ihre Anfrage erhalten und werden uns in K\u00fcrze bei Ihnen melden. Wir freuen uns darauf, Ihnen weiterzuhelfen. Zur\u00fcck zur Startseite Tiger Energy Project GmbHLingener Stra\u00dfe 2449835 Wietmarschen KontaktTelefon:+49 5925 386 975 0 E-Mail: info@tigerenergyproject.com<\/p>","protected":false},"author":4,"featured_media":0,"parent":0,"menu_order":0,"comment_status":"closed","ping_status":"closed","template":"elementor_header_footer","meta":{"footnotes":""},"class_list":["post-2194","page","type-page","status-publish","hentry"],"_links":{"self":[{"href":"https:\/\/tigerenergyproject.com\/en\/wp-json\/wp\/v2\/pages\/2194","targetHints":{"allow":["GET"]}}],"collection":[{"href":"https:\/\/tigerenergyproject.com\/en\/wp-json\/wp\/v2\/pages"}],"about":[{"href":"https:\/\/tigerenergyproject.com\/en\/wp-json\/wp\/v2\/types\/page"}],"author":[{"embeddable":true,"href":"https:\/\/tigerenergyproject.com\/en\/wp-json\/wp\/v2\/users\/4"}],"replies":[{"embeddable":true,"href":"https:\/\/tigerenergyproject.com\/en\/wp-json\/wp\/v2\/comments?post=2194"}],"version-history":[{"count":13,"href":"https:\/\/tigerenergyproject.com\/en\/wp-json\/wp\/v2\/pages\/2194\/revisions"}],"predecessor-version":[{"id":2219,"href":"https:\/\/tigerenergyproject.com\/en\/wp-json\/wp\/v2\/pages\/2194\/revisions\/2219"}],"wp:attachment":[{"href":"https:\/\/tigerenergyproject.com\/en\/wp-json\/wp\/v2\/media?parent=2194"}],"curies":[{"name":"wp","href":"https:\/\/api.w.org\/{rel}","templated":true}]}}