{"id":8,"date":"2024-03-17T16:40:30","date_gmt":"2024-03-17T15:40:30","guid":{"rendered":"https:\/\/tigerenergyproject.com\/?page_id=8"},"modified":"2024-03-20T09:43:41","modified_gmt":"2024-03-20T08:43:41","slug":"datenschutz","status":"publish","type":"page","link":"https:\/\/tigerenergyproject.com\/en\/datenschutz\/","title":{"rendered":"data protection"},"content":{"rendered":"<div data-elementor-type=\"wp-page\" data-elementor-id=\"8\" class=\"elementor elementor-8\" data-elementor-post-type=\"page\">\n\t\t\t\t<div class=\"elementor-element elementor-element-8881f55 e-flex e-con-boxed e-con e-parent\" data-id=\"8881f55\" data-element_type=\"container\" data-settings=\"{&quot;background_background&quot;:&quot;classic&quot;}\">\n\t\t\t\t\t<div class=\"e-con-inner\">\n\t\t\t\t<div class=\"elementor-element elementor-element-387d400 elementor-invisible elementor-widget elementor-widget-heading\" data-id=\"387d400\" data-element_type=\"widget\" data-settings=\"{&quot;_animation&quot;:&quot;fadeInUp&quot;}\" data-widget_type=\"heading.default\">\n\t\t\t\t<div class=\"elementor-widget-container\">\n\t\t\t\t\t<h2 class=\"elementor-heading-title elementor-size-default\">Data protection<\/h2>\t\t\t\t<\/div>\n\t\t\t\t<\/div>\n\t\t\t\t<div class=\"elementor-element elementor-element-0970c77 elementor-icon-list--layout-inline elementor-align-center elementor-hidden-mobile elementor-list-item-link-full_width elementor-invisible elementor-widget elementor-widget-icon-list\" data-id=\"0970c77\" data-element_type=\"widget\" data-settings=\"{&quot;_animation&quot;:&quot;fadeInUp&quot;,&quot;_animation_delay&quot;:200}\" data-widget_type=\"icon-list.default\">\n\t\t\t\t<div class=\"elementor-widget-container\">\n\t\t\t\t\t\t\t<ul class=\"elementor-icon-list-items elementor-inline-items\">\n\t\t\t\t\t\t\t<li class=\"elementor-icon-list-item elementor-inline-item\">\n\t\t\t\t\t\t\t\t\t\t\t<a href=\"https:\/\/tigerenergyproject.com\/en\/\">\n\n\t\t\t\t\t\t\t\t\t\t\t<span class=\"elementor-icon-list-text\">Home<\/span>\n\t\t\t\t\t\t\t\t\t\t\t<\/a>\n\t\t\t\t\t\t\t\t\t<\/li>\n\t\t\t\t\t\t\t\t<li class=\"elementor-icon-list-item elementor-inline-item\">\n\t\t\t\t\t\t\t\t\t\t\t<a href=\"https:\/\/tigerenergyproject.com\/en\/datenschutz\/\">\n\n\t\t\t\t\t\t\t\t\t\t\t\t<span class=\"elementor-icon-list-icon\">\n\t\t\t\t\t\t\t<svg aria-hidden=\"true\" class=\"e-font-icon-svg e-fas-long-arrow-alt-right\" viewbox=\"0 0 448 512\" xmlns=\"http:\/\/www.w3.org\/2000\/svg\"><path d=\"M313.941 216H12c-6.627 0-12 5.373-12 12v56c0 6.627 5.373 12 12 12h301.941v46.059c0 21.382 25.851 32.09 40.971 16.971l86.059-86.059c9.373-9.373 9.373-24.569 0-33.941l-86.059-86.059c-15.119-15.119-40.971-4.411-40.971 16.971V216z\"><\/path><\/svg>\t\t\t\t\t\t<\/span>\n\t\t\t\t\t\t\t\t\t\t<span class=\"elementor-icon-list-text\">Data protection<\/span>\n\t\t\t\t\t\t\t\t\t\t\t<\/a>\n\t\t\t\t\t\t\t\t\t<\/li>\n\t\t\t\t\t\t<\/ul>\n\t\t\t\t\t\t<\/div>\n\t\t\t\t<\/div>\n\t\t<div class=\"elementor-element elementor-element-32cf5e0 e-con-full elementor-hidden-mobile e-flex elementor-invisible e-con e-child\" data-id=\"32cf5e0\" data-element_type=\"container\" data-settings=\"{&quot;background_background&quot;:&quot;classic&quot;,&quot;animation&quot;:&quot;fadeInUp&quot;,&quot;animation_delay&quot;:400}\">\n\t\t\t\t<div class=\"elementor-element elementor-element-a41d2d3 elementor-widget-divider--view-line elementor-widget elementor-widget-divider\" data-id=\"a41d2d3\" data-element_type=\"widget\" data-widget_type=\"divider.default\">\n\t\t\t\t<div class=\"elementor-widget-container\">\n\t\t\t\t\t\t\t<div class=\"elementor-divider\">\n\t\t\t<span class=\"elementor-divider-separator\">\n\t\t\t\t\t\t<\/span>\n\t\t<\/div>\n\t\t\t\t\t\t<\/div>\n\t\t\t\t<\/div>\n\t\t\t\t<\/div>\n\t\t\t\t\t<\/div>\n\t\t\t\t<\/div>\n\t\t<div class=\"elementor-element elementor-element-762900f e-flex e-con-boxed e-con e-parent\" data-id=\"762900f\" data-element_type=\"container\">\n\t\t\t\t\t<div class=\"e-con-inner\">\n\t\t\t\t<div class=\"elementor-element elementor-element-9b062e8 elementor-invisible elementor-widget elementor-widget-text-editor\" data-id=\"9b062e8\" data-element_type=\"widget\" data-settings=\"{&quot;_animation&quot;:&quot;fadeInUp&quot;,&quot;_animation_delay&quot;:400}\" data-widget_type=\"text-editor.default\">\n\t\t\t\t<div class=\"elementor-widget-container\">\n\t\t\t\t\t\t\t\t\t<p><strong>The person responsible within the meaning of data protection laws, in particular the EU General Data Protection Regulation (GDPR), is:<\/strong><\/p><p><strong><span style=\"color: #65ac44;\">Tiger Energy Project GmbH<\/span><\/strong><br \/><span style=\"color: #65ac44;\">Lingener Stra\u00dfe 24<\/span><br \/><span style=\"color: #65ac44;\">49835 Wietmarschen<\/span><\/p><p class=\"translation-block\"><strong>Your data subject rights<br><\/strong>\nYou can exercise the following rights at any time using the contact details provided by our data protection officer:<\/p><p class=\"translation-block\">\u2013 Information about your data stored by us and its processing (Art. 15 GDPR),<br>\n\u2013 Correction of incorrect personal data (Art. 16 GDPR),<br>\n\u2013 Deletion of your data stored by us (Art. 17 GDPR),<br>\n\u2013 Restriction of data processing, if we are not yet allowed to delete your data due to legal obligations (Art. 18 GDPR),<br>\n- objection to the processing of your data by us (Art. 21 GDPR) <br>\n- data portability, provided you have consented to the data processing or have concluded a contract with us (Article 20 GDPR).<\/p><p>If you have given us your consent, you can revoke it at any time with future effect.<\/p><p>You can contact a supervisory authority at any time with a complaint, e.g. B. to the responsible supervisory authority in the federal state of your place of residence or to the authority responsible for us.<\/p><p class=\"translation-block\">You can find a list of supervisory authorities (for non-public areas) with addresses <a href=\"https:\/\/www.bfdi.bund.de\/DE\/Service\/Anschriften\/Laender\/Laender-node.html\" target=\"_blank\" rel=\"nofollow noopener\">HERE<\/a>.<\/p><p><strong>Collection of general information when you visit our website\u00a0<\/strong><\/p><p class=\"translation-block\">Nature and purpose of processing:<br>\nWhen you access our website, i.e. if you do not register or otherwise submit information, information of a general nature is automatically collected. This information (server log files) includes the type of web browser, the operating system used, the domain name of your Internet service provider, your IP address and similar.<\/p><p>They are processed in particular for the following purposes:<\/p><p class=\"translation-block\">\u2013 Ensuring a problem-free connection to the website,<br>\n\u2013 Ensuring smooth use of our website,<br>\n\u2013 Evaluating system security and stability, <br>\n\u2013 Optimizing our website.<\/p><p>We do not use your data to draw conclusions about you personally. Information of this type may be statistically evaluated by us anonymously in order to optimize our website and the technology behind it.<\/p><p class=\"translation-block\"><strong>Legal basis and legitimate interest:<br><\/strong>\nProcessing is carried out in accordance with Article 6 Paragraph 1 Letter f of the GDPR based on our legitimate interest in improving the stability and functionality of our website.<\/p><p class=\"translation-block\"><strong>Recipients:<br><\/strong>\nRecipients of the data may be technical service providers who act as processors for the operation and maintenance of our website.<\/p><p class=\"translation-block\"><b>Storage period:<\/b><br>\nThe data will be deleted as soon as it is no longer required for the purpose of collection. This is generally the case for the data used to provide the website when the respective session has ended.<\/p><p class=\"translation-block\"><strong>Provision required or required:<br><\/strong>\nThe provision of the aforementioned personal data is neither legally nor contractually required. However, without the IP address, the service and functionality of our website cannot be guaranteed. In addition, individual services may be unavailable or restricted. For this reason, an objection is excluded.<\/p><p><strong>contact form<\/strong><\/p><p class=\"translation-block\"><strong>Type and purpose of processing:<br><\/strong>\nThe data you enter will be stored for the purpose of individual communication with you. This requires you to provide a valid email address and your name. This is used to assign the request and then answer it. Providing further data is optional.<\/p><p class=\"translation-block\"><strong>Legal basis:<br><\/strong>\nThe data entered into the contact form is processed on the basis of a legitimate interest (Art. 6 Para. 1 lit. f GDPR).<\/p><p>By providing the contact form, we would like to make it easy for you to contact us. The information you provide will be stored for the purpose of processing the request and for possible follow-up questions.<\/p><p>If you contact us to request an offer, the data entered in the contact form will be processed to carry out pre-contractual measures (Art. 6 Para. 1 lit. b GDPR).<\/p><p class=\"translation-block\"><strong>Recipients:<br><\/strong>\nRecipients of the data may be processors.<\/p><p class=\"translation-block\"><strong>Storage period:<br><\/strong>\nData will be deleted no later than 6 months after the request has been processed.<\/p><p>If there is a contractual relationship, we are subject to the statutory retention periods according to the German Commercial Code (HGB) and will delete your data after these periods have expired.<\/p><p class=\"translation-block\"><strong>Provision mandatory or required:<br><\/strong>\nThe provision of your personal data is voluntary. However, we can only process your request if you provide us with your name, email address and the reason for the request.<\/p><p class=\"translation-block\"><strong>Use of script libraries (Google Webfonts)<br><\/strong>\nIn order to display our content correctly and in a graphically appealing way across browsers, we use \u201cGoogle Web Fonts\u201d from Google LLC (1600 Amphitheater Parkway, Mountain View, CA 94043, USA; hereinafter \u201cGoogle\u201d) on this website of writings.<\/p><p>Weitere Informationen zu Google Web Fonts finden Sie <a href=\"https:\/\/developers.google.com\/fonts\/faq\" target=\"_blank\" rel=\"nofollow noopener\">HIER<\/a>\u00a0und in der <a href=\"https:\/\/www.google.com\/policies\/privacy\/\" target=\"_blank\" rel=\"nofollow noopener\">Datenschutzerkl\u00e4rung von Google<\/a>.<\/p><p><strong>Verwendung von Google Maps<br \/><\/strong>Auf dieser Website nutzen wir das Angebot von Google Maps. Google Maps wird von Google LLC, 1600 Amphitheatre Parkway, Mountain View, CA 94043, USA (nachfolgend \u201eGoogle\u201c) betrieben. Dadurch k\u00f6nnen wir Ihnen interaktive Karten direkt in der Webseite anzeigen und erm\u00f6glichen Ihnen die komfortable Nutzung der Karten-Funktion.<br \/>N\u00e4here Informationen \u00fcber die Datenverarbeitung durch Google k\u00f6nnen Sie den <a href=\"https:\/\/policies.google.com\/privacy\" target=\"_blank\" rel=\"nofollow noopener\">Google-Datenschutzhinweisen<\/a> entnehmen.\u00a0Dort k\u00f6nnen Sie im Datenschutzcenter auch Ihre pers\u00f6nlichen Datenschutz-Einstellungen ver\u00e4ndern.<\/p><p class=\"translation-block\">Further information about Google Web Fonts can be found HERE  and in Google's privacy policy .<\/p><p>By visiting the website, Google receives information that you have accessed the corresponding subpage of our website. This occurs regardless of whether Google provides a user account through which you are logged in or whether there is no user account. If you are logged in to Google, your data will be assigned directly to your account.<\/p><p>If you do not want your profile to be assigned to Google, you must log out of Google before activating the button. Google saves your data as usage profiles and uses them for advertising, market research and\/or needs-based design of its websites. Such an evaluation is carried out in particular (even for users who are not logged in) to provide tailored advertising and to inform other users of the social network about your activities on our website. You have the right to object to the creation of these user profiles; to exercise this you must contact Google.<\/p><p class=\"translation-block\"><strong>Revocation of consent:<br><\/strong>\nThe provider currently does not offer an option for a simple opt-out or blocking data transmission. If you want to prevent your activities on our website from being tracked, please revoke your consent for the relevant cookie category or for all technically unnecessary cookies and data transfers in the cookie consent tool. In this case, however, you may not be able to use our website or may only be able to use it to a limited extent.<\/p><p class=\"translation-block\"><strong>SSL encryption<br><\/strong>\nIn order to protect the security of your data during transmission, we use state-of-the-art encryption methods (e.g. SSL) via HTTPS.<\/p><p><strong>Information about your right to object according to Art. 21 GDPR<\/strong><\/p><p class=\"translation-block\">Right to object on a case-by-case basis\nYou have the right, for reasons arising from your particular situation, to object at any time to the processing of personal data concerning you, which is carried out on the basis of Article 6 Paragraph 1 Letter f of the GDPR (data processing based on a balance of interests). to insert; This also applies to profiling based on this provision within the meaning of Article 4 No. 4 GDPR.<\/p><p>If you object, we will no longer process your personal data unless we can demonstrate compelling legitimate grounds for the processing that outweigh your interests, rights and freedoms, or the processing serves to assert, exercise or defend legal claims.<\/p><p><strong>Recipient of an objection<\/strong><\/p><p><strong><span style=\"color: #65ac44;\">Tiger Energy Project GmbH<\/span><\/strong><br \/><span style=\"color: #65ac44;\">Lingener Stra\u00dfe 24<\/span><br \/><span style=\"color: #65ac44;\">49835 Wietmarschen<\/span><\/p>\t\t\t\t\t\t\t\t<\/div>\n\t\t\t\t<\/div>\n\t\t\t\t\t<\/div>\n\t\t\t\t<\/div>\n\t\t\t\t<\/div>","protected":false},"excerpt":{"rendered":"<p>Datenschutzerkl\u00e4rung Startseite Datenschutzerkl\u00e4rung Verantwortlicher im Sinne der Datenschutzgesetze, insbesondere der EU-Datenschutzgrundverordnung (DSGVO), ist: Tiger Energy Project GmbHLingener Stra\u00dfe 2449835 Wietmarschen Ihre BetroffenenrechteUnter den angegebenen Kontaktdaten unseres Datenschutzbeauftragten k\u00f6nnen Sie jederzeit folgende Rechte aus\u00fcben: \u2013 Auskunft \u00fcber Ihre bei uns gespeicherten Daten und deren Verarbeitung (Art. 15 DSGVO),\u2013 Berichtigung unrichtiger personenbezogener Daten (Art. 16 DSGVO),\u2013 L\u00f6schung [&hellip;]<\/p>","protected":false},"author":4,"featured_media":0,"parent":0,"menu_order":0,"comment_status":"closed","ping_status":"closed","template":"elementor_header_footer","meta":{"footnotes":""},"class_list":["post-8","page","type-page","status-publish","hentry"],"_links":{"self":[{"href":"https:\/\/tigerenergyproject.com\/en\/wp-json\/wp\/v2\/pages\/8","targetHints":{"allow":["GET"]}}],"collection":[{"href":"https:\/\/tigerenergyproject.com\/en\/wp-json\/wp\/v2\/pages"}],"about":[{"href":"https:\/\/tigerenergyproject.com\/en\/wp-json\/wp\/v2\/types\/page"}],"author":[{"embeddable":true,"href":"https:\/\/tigerenergyproject.com\/en\/wp-json\/wp\/v2\/users\/4"}],"replies":[{"embeddable":true,"href":"https:\/\/tigerenergyproject.com\/en\/wp-json\/wp\/v2\/comments?post=8"}],"version-history":[{"count":10,"href":"https:\/\/tigerenergyproject.com\/en\/wp-json\/wp\/v2\/pages\/8\/revisions"}],"predecessor-version":[{"id":879,"href":"https:\/\/tigerenergyproject.com\/en\/wp-json\/wp\/v2\/pages\/8\/revisions\/879"}],"wp:attachment":[{"href":"https:\/\/tigerenergyproject.com\/en\/wp-json\/wp\/v2\/media?parent=8"}],"curies":[{"name":"wp","href":"https:\/\/api.w.org\/{rel}","templated":true}]}}